{"id":6174,"date":"2023-12-02T07:27:46","date_gmt":"2023-12-02T04:27:46","guid":{"rendered":"https:\/\/fado.com.tr\/%d0%bd%d0%b0%d1%88%d0%b8-%d1%81%d0%b8%d1%81%d1%82%d0%b5%d0%bc%d1%8b\/"},"modified":"2024-06-05T13:29:09","modified_gmt":"2024-06-05T10:29:09","slug":"%d0%bd%d0%b0%d1%88%d0%b8-%d1%81%d0%b8%d1%81%d1%82%d0%b5%d0%bc%d1%8b","status":"publish","type":"page","link":"https:\/\/fado.com.tr\/ru\/%d0%bd%d0%b0%d1%88%d0%b8-%d1%81%d0%b8%d1%81%d1%82%d0%b5%d0%bc%d1%8b\/","title":{"rendered":"\u041d\u0430\u0448\u0438 \u0441\u0438\u0441\u0442\u0435\u043c\u044b"},"content":{"rendered":"\t\t<div data-elementor-type=\"wp-page\" data-elementor-id=\"6174\" class=\"elementor elementor-6174 elementor-1344\" data-elementor-post-type=\"page\">\n\t\t\t\t\t\t<section class=\"elementor-section elementor-top-section elementor-element elementor-element-c4a43e1 elementor-section-height-min-height elementor-section-boxed elementor-section-height-default elementor-section-items-middle\" data-id=\"c4a43e1\" data-element_type=\"section\" data-settings=\"{&quot;background_background&quot;:&quot;classic&quot;,&quot;shape_divider_bottom&quot;:&quot;curve&quot;,&quot;shape_divider_bottom_negative&quot;:&quot;yes&quot;}\">\n\t\t\t\t\t\t\t<div class=\"elementor-background-overlay\"><\/div>\n\t\t\t\t\t\t<div class=\"elementor-shape elementor-shape-bottom\" data-negative=\"true\">\n\t\t\t<svg xmlns=\"http:\/\/www.w3.org\/2000\/svg\" viewBox=\"0 0 1000 100\" preserveAspectRatio=\"none\">\n\t<path class=\"elementor-shape-fill\" d=\"M500,97C126.7,96.3,0.8,19.8,0,0v100l1000,0V1C1000,19.4,873.3,97.8,500,97z\"\/>\n<\/svg>\t\t<\/div>\n\t\t\t\t\t<div class=\"elementor-container elementor-column-gap-default\">\n\t\t\t\t\t<div class=\"elementor-column elementor-col-100 elementor-top-column elementor-element elementor-element-5ae8f13\" data-id=\"5ae8f13\" data-element_type=\"column\">\n\t\t\t<div class=\"elementor-widget-wrap elementor-element-populated\">\n\t\t\t\t\t\t<div class=\"elementor-element elementor-element-82cbce3 elementor-invisible elementor-widget elementor-widget-heading\" data-id=\"82cbce3\" data-element_type=\"widget\" data-settings=\"{&quot;_animation&quot;:&quot;fadeInUp&quot;,&quot;_animation_delay&quot;:200}\" data-widget_type=\"heading.default\">\n\t\t\t\t<div class=\"elementor-widget-container\">\n\t\t\t\t\t<h1 class=\"elementor-heading-title elementor-size-default\">\u041d\u0430\u0448\u0438 \u0441\u0438\u0441\u0442\u0435\u043c\u044b<\/h1>\t\t\t\t<\/div>\n\t\t\t\t<\/div>\n\t\t\t\t<div class=\"elementor-element elementor-element-3b4ef7c elementor-widget-divider--view-line elementor-invisible elementor-widget elementor-widget-divider\" data-id=\"3b4ef7c\" data-element_type=\"widget\" data-settings=\"{&quot;_animation&quot;:&quot;fadeIn&quot;,&quot;_animation_delay&quot;:200}\" data-widget_type=\"divider.default\">\n\t\t\t\t<div class=\"elementor-widget-container\">\n\t\t\t\t\t\t\t<div class=\"elementor-divider\">\n\t\t\t<span class=\"elementor-divider-separator\">\n\t\t\t\t\t\t<\/span>\n\t\t<\/div>\n\t\t\t\t\t\t<\/div>\n\t\t\t\t<\/div>\n\t\t\t\t<div class=\"elementor-element elementor-element-435e1df elementor-invisible elementor-widget elementor-widget-heading\" data-id=\"435e1df\" data-element_type=\"widget\" data-settings=\"{&quot;_animation&quot;:&quot;fadeInDown&quot;,&quot;_animation_delay&quot;:200}\" data-widget_type=\"heading.default\">\n\t\t\t\t<div class=\"elementor-widget-container\">\n\t\t\t\t\t<h4 class=\"elementor-heading-title elementor-size-default\">\u0421\u043e\u0432\u0440\u0435\u043c\u0435\u043d\u043d\u043e\u0435 \u0438 \u043d\u0430\u0434\u0435\u0436\u043d\u043e\u0435 \u0441\u0435\u043b\u044c\u0441\u043a\u043e\u0435 \u0445\u043e\u0437\u044f\u0439\u0441\u0442\u0432\u043e<\/h4>\t\t\t\t<\/div>\n\t\t\t\t<\/div>\n\t\t\t\t\t<\/div>\n\t\t<\/div>\n\t\t\t\t\t<\/div>\n\t\t<\/section>\n\t\t<div class=\"elementor-element elementor-element-dfc7f0d e-flex e-con-boxed e-con e-parent\" data-id=\"dfc7f0d\" data-element_type=\"container\">\n\t\t\t\t\t<div class=\"e-con-inner\">\n\t\t\t\t<div class=\"elementor-element elementor-element-67f85e9 elementor-widget elementor-widget-jkit_post_block\" data-id=\"67f85e9\" data-element_type=\"widget\" data-widget_type=\"jkit_post_block.default\">\n\t\t\t\t<div class=\"elementor-widget-container\">\n\t\t\t\t\t<div  class=\"jeg-elementor-kit jkit-postblock postblock-type-1 jkit-pagination-nextprev post-element jeg_module___69f1e9c6c60cd\"  data-id=\"jeg_module___69f1e9c6c60cd\" data-settings=\"{&quot;post_type&quot;:&quot;post&quot;,&quot;number_post&quot;:{&quot;unit&quot;:&quot;px&quot;,&quot;size&quot;:3,&quot;sizes&quot;:[]},&quot;post_offset&quot;:0,&quot;unique_content&quot;:&quot;disable&quot;,&quot;include_post&quot;:&quot;&quot;,&quot;exclude_post&quot;:&quot;&quot;,&quot;include_category&quot;:&quot;&quot;,&quot;exclude_category&quot;:&quot;&quot;,&quot;include_author&quot;:&quot;&quot;,&quot;include_tag&quot;:&quot;31&quot;,&quot;exclude_tag&quot;:&quot;&quot;,&quot;sort_by&quot;:&quot;oldest&quot;,&quot;pagination_mode&quot;:&quot;nextprev&quot;,&quot;pagination_loadmore_text&quot;:&quot;Load More&quot;,&quot;pagination_loading_text&quot;:&quot;Loading...&quot;,&quot;pagination_number_post&quot;:{&quot;unit&quot;:&quot;px&quot;,&quot;size&quot;:3,&quot;sizes&quot;:[]},&quot;pagination_scroll_limit&quot;:0,&quot;pagination_icon&quot;:{&quot;value&quot;:&quot;&quot;,&quot;library&quot;:&quot;&quot;},&quot;pagination_icon_position&quot;:&quot;before&quot;,&quot;st_category_position&quot;:&quot;center&quot;,&quot;sg_content_postblock_type&quot;:&quot;type-1&quot;,&quot;sg_content_element_order&quot;:&quot;title,excerpt,read&quot;,&quot;sg_content_breakpoint&quot;:&quot;tablet&quot;,&quot;sg_content_title_html_tag&quot;:&quot;h3&quot;,&quot;sg_content_category_enable&quot;:&quot;&quot;,&quot;sg_content_excerpt_enable&quot;:&quot;yes&quot;,&quot;sg_content_excerpt_length&quot;:{&quot;unit&quot;:&quot;px&quot;,&quot;size&quot;:38,&quot;sizes&quot;:[]},&quot;sg_content_excerpt_more&quot;:&quot;...&quot;,&quot;sg_content_readmore_enable&quot;:&quot;yes&quot;,&quot;sg_content_readmore_icon&quot;:{&quot;value&quot;:&quot;fas fa-arrow-right&quot;,&quot;library&quot;:&quot;fa-solid&quot;},&quot;sg_content_readmore_icon_position&quot;:&quot;after&quot;,&quot;sg_content_readmore_text&quot;:&quot;\\u0427\\u0438\\u0442\\u0430\\u0442\\u044c \\u0434\\u0430\\u043b\\u0435\\u0435&quot;,&quot;sg_content_comment_enable&quot;:&quot;&quot;,&quot;sg_content_comment_icon&quot;:{&quot;value&quot;:&quot;fas fa-comment&quot;,&quot;library&quot;:&quot;fa-solid&quot;},&quot;sg_content_comment_icon_position&quot;:&quot;before&quot;,&quot;sg_content_meta_enable&quot;:&quot;yes&quot;,&quot;sg_content_meta_author_enable&quot;:&quot;yes&quot;,&quot;sg_content_meta_author_by_text&quot;:&quot;by&quot;,&quot;sg_content_meta_author_icon&quot;:{&quot;value&quot;:&quot;fas fa-user&quot;,&quot;library&quot;:&quot;fa-solid&quot;},&quot;sg_content_meta_author_icon_position&quot;:&quot;before&quot;,&quot;sg_content_meta_date_enable&quot;:&quot;yes&quot;,&quot;sg_content_meta_date_type&quot;:&quot;published&quot;,&quot;sg_content_meta_date_format&quot;:&quot;default&quot;,&quot;sg_content_meta_date_format_custom&quot;:&quot;j F Y&quot;,&quot;sg_content_meta_date_icon&quot;:{&quot;value&quot;:&quot;fas fa-clock&quot;,&quot;library&quot;:&quot;fa-solid&quot;},&quot;sg_content_meta_date_icon_position&quot;:&quot;before&quot;,&quot;sg_content_image_size_imagesize_size&quot;:&quot;full&quot;,&quot;lang&quot;:&quot;ru&quot;,&quot;paged&quot;:1,&quot;class&quot;:&quot;jkit_post_block&quot;}\"><div class=\"jkit-block-container\"><div class=\"jkit-posts jkit-ajax-flag\">\n            <article class=\"jkit-post post-6260 post type-post status-publish format-standard has-post-thumbnail hentry category-55 tag-59\">\n                    <div class=\"jkit-thumb\"><a aria-label=\"\u041f\u043e\u0434\u0441\u0442\u0430\u0432\u043a\u0438 \u0434\u043b\u044f \u0440\u0430\u0441\u0441\u0430\u0434\u044b\" href=\"https:\/\/fado.com.tr\/ru\/%d0%bf%d0%be%d0%b4%d1%81%d1%82%d0%b0%d0%b2%d0%ba%d0%b8-%d0%b4%d0%bb%d1%8f-%d1%80%d0%b0%d1%81%d1%81%d0%b0%d0%b4%d1%8b\/\"><div class=\"thumbnail-container \">\n            <img loading=\"lazy\" decoding=\"async\" width=\"2000\" height=\"1333\" src=\"https:\/\/fado.com.tr\/wp-content\/uploads\/2024\/01\/fideseh.jpeg\" class=\"attachment-full size-full wp-post-image\" alt=\"\" loading=\"lazy\" srcset=\"https:\/\/fado.com.tr\/wp-content\/uploads\/2024\/01\/fideseh.jpeg 2000w, https:\/\/fado.com.tr\/wp-content\/uploads\/2024\/01\/fideseh-300x200.jpeg 300w, https:\/\/fado.com.tr\/wp-content\/uploads\/2024\/01\/fideseh-1024x682.jpeg 1024w, https:\/\/fado.com.tr\/wp-content\/uploads\/2024\/01\/fideseh-768x512.jpeg 768w, https:\/\/fado.com.tr\/wp-content\/uploads\/2024\/01\/fideseh-1536x1024.jpeg 1536w, https:\/\/fado.com.tr\/wp-content\/uploads\/2024\/01\/fideseh-1568x1045.jpeg 1568w, https:\/\/fado.com.tr\/wp-content\/uploads\/2024\/01\/fideseh-600x400.jpeg 600w\" sizes=\"auto, (max-width: 2000px) 100vw, 2000px\" style=\"width:100%;height:66.65%;max-width:2000px;\" \/>\n        <\/div><\/a><\/div>\n                    <div class=\"jkit-postblock-content\"><h3 class=\"jkit-post-title\">\n\t\t\t\t\t\t\t<a href=\"https:\/\/fado.com.tr\/ru\/%d0%bf%d0%be%d0%b4%d1%81%d1%82%d0%b0%d0%b2%d0%ba%d0%b8-%d0%b4%d0%bb%d1%8f-%d1%80%d0%b0%d1%81%d1%81%d0%b0%d0%b4%d1%8b\/\">\u041f\u043e\u0434\u0441\u0442\u0430\u0432\u043a\u0438 \u0434\u043b\u044f \u0440\u0430\u0441\u0441\u0430\u0434\u044b<\/a>\n\t\t\t\t\t\t<\/h3><div class=\"jkit-post-excerpt\"><p>\u0421\u043e\u0432\u0440\u0435\u043c\u0435\u043d\u043d\u043e\u0435 \u0438 \u043d\u0430\u0434\u0435\u0436\u043d\u043e\u0435 \u0441\u0435\u043b\u044c\u0441\u043a\u043e\u0435 \u0445\u043e\u0437\u044f\u0439\u0441\u0442\u0432\u043e \u0421 \u0413\u0410\u0420\u0410\u041d\u0422\u0418\u0415\u0419 FADO \u041f\u043e\u0434\u0441\u0442\u0430\u0432\u043a\u0438 \u0434\u043b\u044f \u0440\u0430\u0441\u0441\u0430\u0434\u044b \u0420\u0430\u0441\u0441\u0430\u0434\u043d\u044b\u0435 \u0442\u0435\u043f\u043b\u0438\u0446\u044b \u2013 \u044d\u0442\u043e \u0441\u0438\u0441\u0442\u0435\u043c\u044b, \u0432 \u043a\u043e\u0442\u043e\u0440\u044b\u0445 \u0440\u0430\u0437\u043c\u0435\u0449\u0430\u044e\u0442 \u0440\u0430\u0441\u0441\u0430\u0434\u0443. \u0425\u043e\u0442\u044f \u0441\u0443\u0449\u0435\u0441\u0442\u0432\u0443\u044e\u0442 \u0440\u0435\u0433\u0443\u043b\u0438\u0440\u0443\u0435\u043c\u044b\u0435 \u0438 \u0444\u0438\u043a\u0441\u0438\u0440\u043e\u0432\u0430\u043d\u043d\u044b\u0435 \u0442\u0438\u043f\u044b, \u043e\u043d\u0438 \u043f\u0440\u043e\u0438\u0437\u0432\u043e\u0434\u044f\u0442\u0441\u044f \u0438\u0437 \u0441\u0442\u0430\u043b\u0438 \u0438\u043b\u0438 \u043f\u043b\u0430\u0441\u0442\u0438\u043a\u0430. \u042d\u0442\u0438 \u0441\u043e\u0440\u0442\u0430 \u043f\u0440\u0435\u0434\u043f\u043e\u0447\u0438\u0442\u0430\u044e\u0442\u0441\u044f \u0432 \u0441\u043e\u0432\u0440\u0435\u043c\u0435\u043d\u043d\u044b\u0445 \u043f\u0438\u0442\u043e\u043c\u043d\u0438\u043a\u0430\u0445,...<\/p><\/div><div class=\"jkit-post-meta-bottom\">\n\t\t\t\t\t\t\t<div class=\"jkit-meta-readmore icon-position-after\">\n                <a title=\"\u041f\u043e\u0434\u0441\u0442\u0430\u0432\u043a\u0438 \u0434\u043b\u044f \u0440\u0430\u0441\u0441\u0430\u0434\u044b\" href=\"https:\/\/fado.com.tr\/ru\/%d0%bf%d0%be%d0%b4%d1%81%d1%82%d0%b0%d0%b2%d0%ba%d0%b8-%d0%b4%d0%bb%d1%8f-%d1%80%d0%b0%d1%81%d1%81%d0%b0%d0%b4%d1%8b\/\" class=\"jkit-readmore\">\u0427\u0438\u0442\u0430\u0442\u044c \u0434\u0430\u043b\u0435\u0435<i aria-hidden=\"true\" class=\"fas fa-arrow-right\"><\/i><\/a>\n            <\/div>\n\t\t\t\t\t\t<\/div><\/div>\n                <\/article><article class=\"jkit-post post-6280 post type-post status-publish format-standard has-post-thumbnail hentry category-uncategorized tag-59\">\n                    <div class=\"jkit-thumb\"><a aria-label=\"\u0421\u0442\u0430\u043b\u044c\u043d\u044b\u0435 \u0440\u0435\u0437\u0435\u0440\u0432\u0443\u0430\u0440\u044b \u0434\u043b\u044f \u0432\u043e\u0434\u044b\" href=\"https:\/\/fado.com.tr\/ru\/%d1%81%d1%82%d0%b0%d0%bb%d1%8c%d0%bd%d1%8b%d0%b5-%d1%80%d0%b5%d0%b7%d0%b5%d1%80%d0%b2%d1%83%d0%b0%d1%80%d1%8b-%d0%b4%d0%bb%d1%8f-%d0%b2%d0%be%d0%b4%d1%8b\/\"><div class=\"thumbnail-container \">\n            <img loading=\"lazy\" decoding=\"async\" width=\"848\" height=\"478\" src=\"https:\/\/fado.com.tr\/wp-content\/uploads\/2024\/01\/image001-2.jpg\" class=\"attachment-full size-full wp-post-image\" alt=\"\" loading=\"lazy\" srcset=\"https:\/\/fado.com.tr\/wp-content\/uploads\/2024\/01\/image001-2.jpg 848w, https:\/\/fado.com.tr\/wp-content\/uploads\/2024\/01\/image001-2-300x169.jpg 300w, https:\/\/fado.com.tr\/wp-content\/uploads\/2024\/01\/image001-2-768x433.jpg 768w\" sizes=\"auto, (max-width: 848px) 100vw, 848px\" style=\"width:100%;height:56.37%;max-width:848px;\" \/>\n        <\/div><\/a><\/div>\n                    <div class=\"jkit-postblock-content\"><h3 class=\"jkit-post-title\">\n\t\t\t\t\t\t\t<a href=\"https:\/\/fado.com.tr\/ru\/%d1%81%d1%82%d0%b0%d0%bb%d1%8c%d0%bd%d1%8b%d0%b5-%d1%80%d0%b5%d0%b7%d0%b5%d1%80%d0%b2%d1%83%d0%b0%d1%80%d1%8b-%d0%b4%d0%bb%d1%8f-%d0%b2%d0%be%d0%b4%d1%8b\/\">\u0421\u0442\u0430\u043b\u044c\u043d\u044b\u0435 \u0440\u0435\u0437\u0435\u0440\u0432\u0443\u0430\u0440\u044b \u0434\u043b\u044f \u0432\u043e\u0434\u044b<\/a>\n\t\t\t\t\t\t<\/h3><div class=\"jkit-post-excerpt\"><p>\u0421\u0442\u0430\u043b\u044c\u043d\u044b\u0435 \u0440\u0435\u0437\u0435\u0440\u0432\u0443\u0430\u0440\u044b \u0434\u043b\u044f \u0432\u043e\u0434\u044b \u0421\u043e\u0432\u0440\u0435\u043c\u0435\u043d\u043d\u043e\u0435 \u0438 \u043d\u0430\u0434\u0435\u0436\u043d\u043e\u0435 \u0441\u0435\u043b\u044c\u0441\u043a\u043e\u0435 \u0445\u043e\u0437\u044f\u0439\u0441\u0442\u0432\u043e \u0421 \u0413\u0410\u0420\u0410\u041d\u0422\u0418\u0415\u0419 FADO \u0421\u0442\u0430\u043b\u044c\u043d\u044b\u0435 \u0440\u0435\u0437\u0435\u0440\u0432\u0443\u0430\u0440\u044b \u0434\u043b\u044f \u0432\u043e\u0434\u044b \u0421\u0442\u0430\u043b\u044c\u043d\u044b\u0435 \u0440\u0435\u0437\u0435\u0440\u0432\u0443\u0430\u0440\u044b \u0434\u043b\u044f \u0432\u043e\u0434\u044b, \u043a\u043e\u0442\u043e\u0440\u044b\u0435 \u043e\u0447\u0435\u043d\u044c \u0432\u0430\u0436\u043d\u044b \u0432 \u0441\u043e\u0432\u0440\u0435\u043c\u0435\u043d\u043d\u044b\u0445 \u0442\u0435\u043f\u043b\u0438\u0446\u0430\u0445, \u043f\u043e\u0437\u0432\u043e\u043b\u044f\u044e\u0442 \u0445\u0440\u0430\u043d\u0438\u0442\u044c \u0447\u0438\u0441\u0442\u0443\u044e \u0432\u043e\u0434\u0443. \u0421\u0443\u0449\u0435\u0441\u0442\u0432\u0443\u044e\u0442 \u0440\u0430\u0437\u043b\u0438\u0447\u043d\u044b\u0435 \u0442\u0438\u043f\u044b \u0441\u0442\u0430\u043b\u044c\u043d\u044b\u0445 \u0440\u0435\u0437\u0435\u0440\u0432\u0443\u0430\u0440\u043e\u0432 \u0434\u043b\u044f \u0432\u043e\u0434\u044b, \u0442\u0430\u043a\u0438\u0435...<\/p><\/div><div class=\"jkit-post-meta-bottom\">\n\t\t\t\t\t\t\t<div class=\"jkit-meta-readmore icon-position-after\">\n                <a title=\"\u0421\u0442\u0430\u043b\u044c\u043d\u044b\u0435 \u0440\u0435\u0437\u0435\u0440\u0432\u0443\u0430\u0440\u044b \u0434\u043b\u044f \u0432\u043e\u0434\u044b\" href=\"https:\/\/fado.com.tr\/ru\/%d1%81%d1%82%d0%b0%d0%bb%d1%8c%d0%bd%d1%8b%d0%b5-%d1%80%d0%b5%d0%b7%d0%b5%d1%80%d0%b2%d1%83%d0%b0%d1%80%d1%8b-%d0%b4%d0%bb%d1%8f-%d0%b2%d0%be%d0%b4%d1%8b\/\" class=\"jkit-readmore\">\u0427\u0438\u0442\u0430\u0442\u044c \u0434\u0430\u043b\u0435\u0435<i aria-hidden=\"true\" class=\"fas fa-arrow-right\"><\/i><\/a>\n            <\/div>\n\t\t\t\t\t\t<\/div><\/div>\n                <\/article><article class=\"jkit-post post-6283 post type-post status-publish format-standard has-post-thumbnail hentry category-55 tag-59\">\n                    <div class=\"jkit-thumb\"><a aria-label=\"\u043e\u0445\u043b\u0430\u0436\u0434\u0430\u044e\u0449\u0430\u044f \u043f\u043e\u0434\u0441\u0442\u0430\u0432\u043a\u0430\" href=\"https:\/\/fado.com.tr\/ru\/%d0%be%d1%85%d0%bb%d0%b0%d0%b6%d0%b4%d0%b0%d1%8e%d1%89%d0%b0%d1%8f-%d0%bf%d0%be%d0%b4%d1%81%d1%82%d0%b0%d0%b2%d0%ba%d0%b0\/\"><div class=\"thumbnail-container \">\n            <img loading=\"lazy\" decoding=\"async\" width=\"900\" height=\"600\" src=\"https:\/\/fado.com.tr\/wp-content\/uploads\/2024\/01\/Copy-of-P1000409-scaled-e1615352515397.jpg\" class=\"attachment-full size-full wp-post-image\" alt=\"\" loading=\"lazy\" srcset=\"https:\/\/fado.com.tr\/wp-content\/uploads\/2024\/01\/Copy-of-P1000409-scaled-e1615352515397.jpg 900w, https:\/\/fado.com.tr\/wp-content\/uploads\/2024\/01\/Copy-of-P1000409-scaled-e1615352515397-300x200.jpg 300w, https:\/\/fado.com.tr\/wp-content\/uploads\/2024\/01\/Copy-of-P1000409-scaled-e1615352515397-768x512.jpg 768w, https:\/\/fado.com.tr\/wp-content\/uploads\/2024\/01\/Copy-of-P1000409-scaled-e1615352515397-600x400.jpg 600w\" sizes=\"auto, (max-width: 900px) 100vw, 900px\" style=\"width:100%;height:66.67%;max-width:900px;\" \/>\n        <\/div><\/a><\/div>\n                    <div class=\"jkit-postblock-content\"><h3 class=\"jkit-post-title\">\n\t\t\t\t\t\t\t<a href=\"https:\/\/fado.com.tr\/ru\/%d0%be%d1%85%d0%bb%d0%b0%d0%b6%d0%b4%d0%b0%d1%8e%d1%89%d0%b0%d1%8f-%d0%bf%d0%be%d0%b4%d1%81%d1%82%d0%b0%d0%b2%d0%ba%d0%b0\/\">\u043e\u0445\u043b\u0430\u0436\u0434\u0430\u044e\u0449\u0430\u044f \u043f\u043e\u0434\u0441\u0442\u0430\u0432\u043a\u0430<\/a>\n\t\t\t\t\t\t<\/h3><div class=\"jkit-post-excerpt\"><p>\u043e\u0445\u043b\u0430\u0436\u0434\u0430\u044e\u0449\u0430\u044f \u043f\u043e\u0434\u0441\u0442\u0430\u0432\u043a\u0430 \u0421\u043e\u0432\u0440\u0435\u043c\u0435\u043d\u043d\u043e\u0435 \u0438 \u043d\u0430\u0434\u0435\u0436\u043d\u043e\u0435 \u0441\u0435\u043b\u044c\u0441\u043a\u043e\u0435 \u0445\u043e\u0437\u044f\u0439\u0441\u0442\u0432\u043e \u0421 \u0413\u0410\u0420\u0410\u041d\u0422\u0418\u0415\u0419 FADO \u043e\u0445\u043b\u0430\u0436\u0434\u0430\u044e\u0449\u0430\u044f \u043f\u043e\u0434\u0441\u0442\u0430\u0432\u043a\u0430 \u041e\u043d \u0440\u0430\u0431\u043e\u0442\u0430\u0435\u0442 \u043f\u043e \u043f\u0440\u0438\u043d\u0446\u0438\u043f\u0443 \u043e\u0442\u0432\u043e\u0434\u0430 \u0442\u0435\u043f\u043b\u0430 \u0437\u0430 \u0441\u0447\u0435\u0442 \u0438\u0441\u043f\u0430\u0440\u0435\u043d\u0438\u044f \u0432 \u0442\u0435\u043f\u043b\u0438\u0446\u0430\u0445 \u0438 \u043f\u0438\u0442\u043e\u043c\u043d\u0438\u043a\u0430\u0445. \u0412\u043e\u0434\u0430, \u043f\u043e\u0441\u0442\u0443\u043f\u0430\u044e\u0449\u0430\u044f \u0432 \u043f\u043e\u0434\u0443\u0448\u043a\u0438, \u0446\u0438\u0440\u043a\u0443\u043b\u0438\u0440\u0443\u0435\u0442 \u0432\u043d\u0443\u0442\u0440\u0438 \u0432\u043e\u0437\u0434\u0443\u0448\u043d\u043e\u0433\u043e \u043f\u043e\u0442\u043e\u043a\u0430 \u043f\u043e \u0432\u0441\u0435\u0439 \u0442\u0435\u043f\u043b\u0438\u0446\u0435, \u043a\u0430\u043f\u043b\u0438 \u0432\u043e\u0434\u044b,...<\/p><\/div><div class=\"jkit-post-meta-bottom\">\n\t\t\t\t\t\t\t<div class=\"jkit-meta-readmore icon-position-after\">\n                <a title=\"\u043e\u0445\u043b\u0430\u0436\u0434\u0430\u044e\u0449\u0430\u044f \u043f\u043e\u0434\u0441\u0442\u0430\u0432\u043a\u0430\" href=\"https:\/\/fado.com.tr\/ru\/%d0%be%d1%85%d0%bb%d0%b0%d0%b6%d0%b4%d0%b0%d1%8e%d1%89%d0%b0%d1%8f-%d0%bf%d0%be%d0%b4%d1%81%d1%82%d0%b0%d0%b2%d0%ba%d0%b0\/\" class=\"jkit-readmore\">\u0427\u0438\u0442\u0430\u0442\u044c \u0434\u0430\u043b\u0435\u0435<i aria-hidden=\"true\" class=\"fas fa-arrow-right\"><\/i><\/a>\n            <\/div>\n\t\t\t\t\t\t<\/div><\/div>\n                <\/article>\n        <\/div><div class=\"jkit-preloader-overlay\">\n\t\t\t\t\t<div class=\"jkit-preloader-type jkit-preloader-dot\">\n\t\t\t\t\t\t<div class=\"jkit-preloader\">\n\t\t\t\t\t\t\t<span><\/span><span><\/span><span><\/span>\n\t\t\t\t\t\t<\/div>\n\t\t\t\t\t<\/div>\n\t\t\t\t<\/div><\/div><div class=\"jkit-block-pagination jkit-align\"><div class=\"jkit-pagination-button jkit-block-nextprev jkit-nextprev-normal\">\n\t\t\t\t\t\t<a href=\"#\" class=\"prev disabled\" title=\"Previous\"><i aria-hidden=\"true\" class=\"jki jki-angle-left-solid\"><\/i><\/a>\n\t\t\t\t\t\t<a href=\"#\" class=\"next \" title=\"Next\"><i aria-hidden=\"true\" class=\"jki jki-angle-right-solid\"><\/i><\/a>\n\t\t\t\t\t<\/div><\/div><\/div>\t\t\t\t<\/div>\n\t\t\t\t<\/div>\n\t\t\t\t<div class=\"elementor-element elementor-element-a80292d elementor-widget-divider--view-line elementor-widget elementor-widget-divider\" data-id=\"a80292d\" data-element_type=\"widget\" data-widget_type=\"divider.default\">\n\t\t\t\t<div class=\"elementor-widget-container\">\n\t\t\t\t\t\t\t<div class=\"elementor-divider\">\n\t\t\t<span class=\"elementor-divider-separator\">\n\t\t\t\t\t\t<\/span>\n\t\t<\/div>\n\t\t\t\t\t\t<\/div>\n\t\t\t\t<\/div>\n\t\t\t\t\t<\/div>\n\t\t\t\t<\/div>\n\t\t\t\t<\/div>\n\t\t","protected":false},"excerpt":{"rendered":"<p>\u041d\u0430\u0448\u0438 \u0441\u0438\u0441\u0442\u0435\u043c\u044b \u0421\u043e\u0432\u0440\u0435\u043c\u0435\u043d\u043d\u043e\u0435 \u0438 \u043d\u0430\u0434\u0435\u0436\u043d\u043e\u0435 \u0441\u0435\u043b\u044c\u0441\u043a\u043e\u0435 \u0445\u043e\u0437\u044f\u0439\u0441\u0442\u0432\u043e edit post Fide Sehpalar\u0131 Modern ve G\u00fcvenilir Tar\u0131m FADO G\u00dcVENCES\u0130 \u0130LE Fide Sehpalar\u0131 Fide seralar\u0131nda fidelerin dizildi\u011fi sistemlerdir. Ayarlanabilir ve sabit \u00e7e\u015fitleri bulunmakla beraber \u00e7elik veya plastikle \u00fcretilmektedir. Modern fideliklerde y\u00fcksekli\u011fin ayarlanabilir olmas\u0131 sebebiyle daha \u00e7ok bu \u00e7e\u015fitleri tercih edilmektedir.Su ve \u00e7e\u015fitli&#8230; \u0427\u0438\u0442\u0430\u0442\u044c \u0434\u0430\u043b\u0435\u0435 edit post \u00c7elik Su&hellip; <a class=\"more-link\" href=\"https:\/\/fado.com.tr\/ru\/%d0%bd%d0%b0%d1%88%d0%b8-%d1%81%d0%b8%d1%81%d1%82%d0%b5%d0%bc%d1%8b\/\">\u0427\u0438\u0442\u0430\u0442\u044c \u0434\u0430\u043b\u0435\u0435 <span class=\"screen-reader-text\">\u041d\u0430\u0448\u0438 \u0441\u0438\u0441\u0442\u0435\u043c\u044b<\/span><\/a><\/p>\n","protected":false},"author":1,"featured_media":0,"parent":0,"menu_order":0,"comment_status":"closed","ping_status":"closed","template":"elementor_header_footer","meta":{"om_disable_all_campaigns":false,"_monsterinsights_skip_tracking":false,"_monsterinsights_sitenote_active":false,"_monsterinsights_sitenote_note":"","_monsterinsights_sitenote_category":0,"footnotes":""},"class_list":["post-6174","page","type-page","status-publish","hentry","entry"],"aioseo_notices":[],"_links":{"self":[{"href":"https:\/\/fado.com.tr\/ru\/wp-json\/wp\/v2\/pages\/6174","targetHints":{"allow":["GET"]}}],"collection":[{"href":"https:\/\/fado.com.tr\/ru\/wp-json\/wp\/v2\/pages"}],"about":[{"href":"https:\/\/fado.com.tr\/ru\/wp-json\/wp\/v2\/types\/page"}],"author":[{"embeddable":true,"href":"https:\/\/fado.com.tr\/ru\/wp-json\/wp\/v2\/users\/1"}],"replies":[{"embeddable":true,"href":"https:\/\/fado.com.tr\/ru\/wp-json\/wp\/v2\/comments?post=6174"}],"version-history":[{"count":4,"href":"https:\/\/fado.com.tr\/ru\/wp-json\/wp\/v2\/pages\/6174\/revisions"}],"predecessor-version":[{"id":6412,"href":"https:\/\/fado.com.tr\/ru\/wp-json\/wp\/v2\/pages\/6174\/revisions\/6412"}],"wp:attachment":[{"href":"https:\/\/fado.com.tr\/ru\/wp-json\/wp\/v2\/media?parent=6174"}],"curies":[{"name":"wp","href":"https:\/\/api.w.org\/{rel}","templated":true}]}}