{"id":4753,"date":"2023-12-02T07:27:46","date_gmt":"2023-12-02T04:27:46","guid":{"rendered":"https:\/\/fado.com.tr\/our-systems\/"},"modified":"2024-05-20T09:56:38","modified_gmt":"2024-05-20T06:56:38","slug":"our-systems","status":"publish","type":"page","link":"https:\/\/fado.com.tr\/en\/our-systems\/","title":{"rendered":"Our Systems"},"content":{"rendered":"\t\t<div data-elementor-type=\"wp-page\" data-elementor-id=\"4753\" class=\"elementor elementor-4753 elementor-1344\" data-elementor-post-type=\"page\">\n\t\t\t\t\t\t<section class=\"elementor-section elementor-top-section elementor-element elementor-element-c4a43e1 elementor-section-height-min-height elementor-section-boxed elementor-section-height-default elementor-section-items-middle\" data-id=\"c4a43e1\" data-element_type=\"section\" data-settings=\"{&quot;background_background&quot;:&quot;classic&quot;,&quot;shape_divider_bottom&quot;:&quot;curve&quot;,&quot;shape_divider_bottom_negative&quot;:&quot;yes&quot;}\">\n\t\t\t\t\t\t\t<div class=\"elementor-background-overlay\"><\/div>\n\t\t\t\t\t\t<div class=\"elementor-shape elementor-shape-bottom\" data-negative=\"true\">\n\t\t\t<svg xmlns=\"http:\/\/www.w3.org\/2000\/svg\" viewBox=\"0 0 1000 100\" preserveAspectRatio=\"none\">\n\t<path class=\"elementor-shape-fill\" d=\"M500,97C126.7,96.3,0.8,19.8,0,0v100l1000,0V1C1000,19.4,873.3,97.8,500,97z\"\/>\n<\/svg>\t\t<\/div>\n\t\t\t\t\t<div class=\"elementor-container elementor-column-gap-default\">\n\t\t\t\t\t<div class=\"elementor-column elementor-col-100 elementor-top-column elementor-element elementor-element-5ae8f13\" data-id=\"5ae8f13\" data-element_type=\"column\">\n\t\t\t<div class=\"elementor-widget-wrap elementor-element-populated\">\n\t\t\t\t\t\t<div class=\"elementor-element elementor-element-82cbce3 elementor-invisible elementor-widget elementor-widget-heading\" data-id=\"82cbce3\" data-element_type=\"widget\" data-settings=\"{&quot;_animation&quot;:&quot;fadeInUp&quot;,&quot;_animation_delay&quot;:200}\" data-widget_type=\"heading.default\">\n\t\t\t\t<div class=\"elementor-widget-container\">\n\t\t\t\t\t<h1 class=\"elementor-heading-title elementor-size-default\">Our Systems<\/h1>\t\t\t\t<\/div>\n\t\t\t\t<\/div>\n\t\t\t\t<div class=\"elementor-element elementor-element-3b4ef7c elementor-widget-divider--view-line elementor-invisible elementor-widget elementor-widget-divider\" data-id=\"3b4ef7c\" data-element_type=\"widget\" data-settings=\"{&quot;_animation&quot;:&quot;fadeIn&quot;,&quot;_animation_delay&quot;:200}\" data-widget_type=\"divider.default\">\n\t\t\t\t<div class=\"elementor-widget-container\">\n\t\t\t\t\t\t\t<div class=\"elementor-divider\">\n\t\t\t<span class=\"elementor-divider-separator\">\n\t\t\t\t\t\t<\/span>\n\t\t<\/div>\n\t\t\t\t\t\t<\/div>\n\t\t\t\t<\/div>\n\t\t\t\t<div class=\"elementor-element elementor-element-435e1df elementor-invisible elementor-widget elementor-widget-heading\" data-id=\"435e1df\" data-element_type=\"widget\" data-settings=\"{&quot;_animation&quot;:&quot;fadeInDown&quot;,&quot;_animation_delay&quot;:200}\" data-widget_type=\"heading.default\">\n\t\t\t\t<div class=\"elementor-widget-container\">\n\t\t\t\t\t<h4 class=\"elementor-heading-title elementor-size-default\">Modern and Reliable Agriculture<\/h4>\t\t\t\t<\/div>\n\t\t\t\t<\/div>\n\t\t\t\t\t<\/div>\n\t\t<\/div>\n\t\t\t\t\t<\/div>\n\t\t<\/section>\n\t\t<div class=\"elementor-element elementor-element-dfc7f0d e-flex e-con-boxed e-con e-parent\" data-id=\"dfc7f0d\" data-element_type=\"container\">\n\t\t\t\t\t<div class=\"e-con-inner\">\n\t\t\t\t<div class=\"elementor-element elementor-element-67f85e9 elementor-widget elementor-widget-jkit_post_block\" data-id=\"67f85e9\" data-element_type=\"widget\" data-widget_type=\"jkit_post_block.default\">\n\t\t\t\t<div class=\"elementor-widget-container\">\n\t\t\t\t\t<div  class=\"jeg-elementor-kit jkit-postblock postblock-type-1 jkit-pagination-nextprev post-element jeg_module___69ea33b015ee6\"  data-id=\"jeg_module___69ea33b015ee6\" data-settings=\"{&quot;post_type&quot;:&quot;post&quot;,&quot;number_post&quot;:{&quot;unit&quot;:&quot;px&quot;,&quot;size&quot;:3,&quot;sizes&quot;:[]},&quot;post_offset&quot;:0,&quot;unique_content&quot;:&quot;disable&quot;,&quot;include_post&quot;:&quot;&quot;,&quot;exclude_post&quot;:&quot;&quot;,&quot;include_category&quot;:&quot;&quot;,&quot;exclude_category&quot;:&quot;&quot;,&quot;include_author&quot;:&quot;&quot;,&quot;include_tag&quot;:&quot;31&quot;,&quot;exclude_tag&quot;:&quot;&quot;,&quot;sort_by&quot;:&quot;oldest&quot;,&quot;pagination_mode&quot;:&quot;nextprev&quot;,&quot;pagination_loadmore_text&quot;:&quot;Load More&quot;,&quot;pagination_loading_text&quot;:&quot;Loading...&quot;,&quot;pagination_number_post&quot;:{&quot;unit&quot;:&quot;px&quot;,&quot;size&quot;:3,&quot;sizes&quot;:[]},&quot;pagination_scroll_limit&quot;:0,&quot;pagination_icon&quot;:{&quot;value&quot;:&quot;&quot;,&quot;library&quot;:&quot;&quot;},&quot;pagination_icon_position&quot;:&quot;before&quot;,&quot;st_category_position&quot;:&quot;center&quot;,&quot;sg_content_postblock_type&quot;:&quot;type-1&quot;,&quot;sg_content_element_order&quot;:&quot;title,excerpt,read&quot;,&quot;sg_content_breakpoint&quot;:&quot;tablet&quot;,&quot;sg_content_title_html_tag&quot;:&quot;h3&quot;,&quot;sg_content_category_enable&quot;:&quot;&quot;,&quot;sg_content_excerpt_enable&quot;:&quot;yes&quot;,&quot;sg_content_excerpt_length&quot;:{&quot;unit&quot;:&quot;px&quot;,&quot;size&quot;:38,&quot;sizes&quot;:[]},&quot;sg_content_excerpt_more&quot;:&quot;...&quot;,&quot;sg_content_readmore_enable&quot;:&quot;yes&quot;,&quot;sg_content_readmore_icon&quot;:{&quot;value&quot;:&quot;fas fa-arrow-right&quot;,&quot;library&quot;:&quot;fa-solid&quot;},&quot;sg_content_readmore_icon_position&quot;:&quot;after&quot;,&quot;sg_content_readmore_text&quot;:&quot;Read More&quot;,&quot;sg_content_comment_enable&quot;:&quot;&quot;,&quot;sg_content_comment_icon&quot;:{&quot;value&quot;:&quot;fas fa-comment&quot;,&quot;library&quot;:&quot;fa-solid&quot;},&quot;sg_content_comment_icon_position&quot;:&quot;before&quot;,&quot;sg_content_meta_enable&quot;:&quot;yes&quot;,&quot;sg_content_meta_author_enable&quot;:&quot;yes&quot;,&quot;sg_content_meta_author_by_text&quot;:&quot;by&quot;,&quot;sg_content_meta_author_icon&quot;:{&quot;value&quot;:&quot;fas fa-user&quot;,&quot;library&quot;:&quot;fa-solid&quot;},&quot;sg_content_meta_author_icon_position&quot;:&quot;before&quot;,&quot;sg_content_meta_date_enable&quot;:&quot;yes&quot;,&quot;sg_content_meta_date_type&quot;:&quot;published&quot;,&quot;sg_content_meta_date_format&quot;:&quot;default&quot;,&quot;sg_content_meta_date_format_custom&quot;:&quot;j F Y&quot;,&quot;sg_content_meta_date_icon&quot;:{&quot;value&quot;:&quot;fas fa-clock&quot;,&quot;library&quot;:&quot;fa-solid&quot;},&quot;sg_content_meta_date_icon_position&quot;:&quot;before&quot;,&quot;sg_content_image_size_imagesize_size&quot;:&quot;full&quot;,&quot;lang&quot;:&quot;en&quot;,&quot;paged&quot;:1,&quot;class&quot;:&quot;jkit_post_block&quot;}\"><div class=\"jkit-block-container\"><div class=\"jkit-posts jkit-ajax-flag\">\n            <article class=\"jkit-post post-4805 post type-post status-publish format-standard has-post-thumbnail hentry category-uncategorized tag-systems-en\">\n                    <div class=\"jkit-thumb\"><a aria-label=\"Seedling Stands\" href=\"https:\/\/fado.com.tr\/en\/seedling-stands\/\"><div class=\"thumbnail-container \">\n            <img loading=\"lazy\" decoding=\"async\" width=\"2000\" height=\"1333\" src=\"https:\/\/fado.com.tr\/wp-content\/uploads\/2024\/01\/fideseh.jpeg\" class=\"attachment-full size-full wp-post-image\" alt=\"\" loading=\"lazy\" srcset=\"https:\/\/fado.com.tr\/wp-content\/uploads\/2024\/01\/fideseh.jpeg 2000w, https:\/\/fado.com.tr\/wp-content\/uploads\/2024\/01\/fideseh-300x200.jpeg 300w, https:\/\/fado.com.tr\/wp-content\/uploads\/2024\/01\/fideseh-1024x682.jpeg 1024w, https:\/\/fado.com.tr\/wp-content\/uploads\/2024\/01\/fideseh-768x512.jpeg 768w, https:\/\/fado.com.tr\/wp-content\/uploads\/2024\/01\/fideseh-1536x1024.jpeg 1536w, https:\/\/fado.com.tr\/wp-content\/uploads\/2024\/01\/fideseh-1568x1045.jpeg 1568w, https:\/\/fado.com.tr\/wp-content\/uploads\/2024\/01\/fideseh-600x400.jpeg 600w\" sizes=\"auto, (max-width: 2000px) 100vw, 2000px\" style=\"width:100%;height:66.65%;max-width:2000px;\" \/>\n        <\/div><\/a><\/div>\n                    <div class=\"jkit-postblock-content\"><h3 class=\"jkit-post-title\">\n\t\t\t\t\t\t\t<a href=\"https:\/\/fado.com.tr\/en\/seedling-stands\/\">Seedling Stands<\/a>\n\t\t\t\t\t\t<\/h3><div class=\"jkit-post-excerpt\"><p>Modern and Reliable Agriculture WITH FADO ASSURANCE Seedling Stands These are the systems on which seedlings are arranged in nurseries. Although there are adjustable and fixed types, they are produced with steel or plastic. These varieties are preferred...<\/p><\/div><div class=\"jkit-post-meta-bottom\">\n\t\t\t\t\t\t\t<div class=\"jkit-meta-readmore icon-position-after\">\n                <a title=\"Seedling Stands\" href=\"https:\/\/fado.com.tr\/en\/seedling-stands\/\" class=\"jkit-readmore\">Read More<i aria-hidden=\"true\" class=\"fas fa-arrow-right\"><\/i><\/a>\n            <\/div>\n\t\t\t\t\t\t<\/div><\/div>\n                <\/article><article class=\"jkit-post post-4813 post type-post status-publish format-standard has-post-thumbnail hentry category-uncategorized tag-systems-en\">\n                    <div class=\"jkit-thumb\"><a aria-label=\"Steel Water Tanks\" href=\"https:\/\/fado.com.tr\/en\/steel-water-tanks\/\"><div class=\"thumbnail-container \">\n            <img loading=\"lazy\" decoding=\"async\" width=\"848\" height=\"478\" src=\"https:\/\/fado.com.tr\/wp-content\/uploads\/2024\/01\/image001-2.jpg\" class=\"attachment-full size-full wp-post-image\" alt=\"\" loading=\"lazy\" srcset=\"https:\/\/fado.com.tr\/wp-content\/uploads\/2024\/01\/image001-2.jpg 848w, https:\/\/fado.com.tr\/wp-content\/uploads\/2024\/01\/image001-2-300x169.jpg 300w, https:\/\/fado.com.tr\/wp-content\/uploads\/2024\/01\/image001-2-768x433.jpg 768w\" sizes=\"auto, (max-width: 848px) 100vw, 848px\" style=\"width:100%;height:56.37%;max-width:848px;\" \/>\n        <\/div><\/a><\/div>\n                    <div class=\"jkit-postblock-content\"><h3 class=\"jkit-post-title\">\n\t\t\t\t\t\t\t<a href=\"https:\/\/fado.com.tr\/en\/steel-water-tanks\/\">Steel Water Tanks<\/a>\n\t\t\t\t\t\t<\/h3><div class=\"jkit-post-excerpt\"><p>Steel Water Tanks Modern and Reliable Agriculture WITH FADO ASSURANCE Steel Water Tanks Steel water tanks, which are very important in modern greenhouses, enable the storage of clean water. There are different types of steel water tanks, such...<\/p><\/div><div class=\"jkit-post-meta-bottom\">\n\t\t\t\t\t\t\t<div class=\"jkit-meta-readmore icon-position-after\">\n                <a title=\"Steel Water Tanks\" href=\"https:\/\/fado.com.tr\/en\/steel-water-tanks\/\" class=\"jkit-readmore\">Read More<i aria-hidden=\"true\" class=\"fas fa-arrow-right\"><\/i><\/a>\n            <\/div>\n\t\t\t\t\t\t<\/div><\/div>\n                <\/article><article class=\"jkit-post post-4809 post type-post status-publish format-standard has-post-thumbnail hentry category-uncategorized tag-systems-en\">\n                    <div class=\"jkit-thumb\"><a aria-label=\"Cooling Pad\" href=\"https:\/\/fado.com.tr\/en\/cooling-pad\/\"><div class=\"thumbnail-container \">\n            <img loading=\"lazy\" decoding=\"async\" width=\"900\" height=\"600\" src=\"https:\/\/fado.com.tr\/wp-content\/uploads\/2024\/01\/Copy-of-P1000409-scaled-e1615352515397.jpg\" class=\"attachment-full size-full wp-post-image\" alt=\"\" loading=\"lazy\" srcset=\"https:\/\/fado.com.tr\/wp-content\/uploads\/2024\/01\/Copy-of-P1000409-scaled-e1615352515397.jpg 900w, https:\/\/fado.com.tr\/wp-content\/uploads\/2024\/01\/Copy-of-P1000409-scaled-e1615352515397-300x200.jpg 300w, https:\/\/fado.com.tr\/wp-content\/uploads\/2024\/01\/Copy-of-P1000409-scaled-e1615352515397-768x512.jpg 768w, https:\/\/fado.com.tr\/wp-content\/uploads\/2024\/01\/Copy-of-P1000409-scaled-e1615352515397-600x400.jpg 600w\" sizes=\"auto, (max-width: 900px) 100vw, 900px\" style=\"width:100%;height:66.67%;max-width:900px;\" \/>\n        <\/div><\/a><\/div>\n                    <div class=\"jkit-postblock-content\"><h3 class=\"jkit-post-title\">\n\t\t\t\t\t\t\t<a href=\"https:\/\/fado.com.tr\/en\/cooling-pad\/\">Cooling Pad<\/a>\n\t\t\t\t\t\t<\/h3><div class=\"jkit-post-excerpt\"><p>Cooling Pad Modern and Reliable Agriculture WITH FADO ASSURANCE Cooling Pad It works based on the principle of removing heat through evaporation in greenhouses and nurseries. The water flowing into the pads circulates inside the air flow throughout...<\/p><\/div><div class=\"jkit-post-meta-bottom\">\n\t\t\t\t\t\t\t<div class=\"jkit-meta-readmore icon-position-after\">\n                <a title=\"Cooling Pad\" href=\"https:\/\/fado.com.tr\/en\/cooling-pad\/\" class=\"jkit-readmore\">Read More<i aria-hidden=\"true\" class=\"fas fa-arrow-right\"><\/i><\/a>\n            <\/div>\n\t\t\t\t\t\t<\/div><\/div>\n                <\/article>\n        <\/div><div class=\"jkit-preloader-overlay\">\n\t\t\t\t\t<div class=\"jkit-preloader-type jkit-preloader-dot\">\n\t\t\t\t\t\t<div class=\"jkit-preloader\">\n\t\t\t\t\t\t\t<span><\/span><span><\/span><span><\/span>\n\t\t\t\t\t\t<\/div>\n\t\t\t\t\t<\/div>\n\t\t\t\t<\/div><\/div><div class=\"jkit-block-pagination jkit-align\"><div class=\"jkit-pagination-button jkit-block-nextprev jkit-nextprev-normal\">\n\t\t\t\t\t\t<a href=\"#\" class=\"prev disabled\" title=\"Previous\"><i aria-hidden=\"true\" class=\"jki jki-angle-left-solid\"><\/i><\/a>\n\t\t\t\t\t\t<a href=\"#\" class=\"next \" title=\"Next\"><i aria-hidden=\"true\" class=\"jki jki-angle-right-solid\"><\/i><\/a>\n\t\t\t\t\t<\/div><\/div><\/div>\t\t\t\t<\/div>\n\t\t\t\t<\/div>\n\t\t\t\t<div class=\"elementor-element elementor-element-a80292d elementor-widget-divider--view-line elementor-widget elementor-widget-divider\" data-id=\"a80292d\" data-element_type=\"widget\" data-widget_type=\"divider.default\">\n\t\t\t\t<div class=\"elementor-widget-container\">\n\t\t\t\t\t\t\t<div class=\"elementor-divider\">\n\t\t\t<span class=\"elementor-divider-separator\">\n\t\t\t\t\t\t<\/span>\n\t\t<\/div>\n\t\t\t\t\t\t<\/div>\n\t\t\t\t<\/div>\n\t\t\t\t\t<\/div>\n\t\t\t\t<\/div>\n\t\t\t\t<\/div>\n\t\t","protected":false},"excerpt":{"rendered":"<p>Our Systems Modern and Reliable Agriculture edit post Fide Sehpalar\u0131 Modern ve G\u00fcvenilir Tar\u0131m FADO G\u00dcVENCES\u0130 \u0130LE Fide Sehpalar\u0131 Fide seralar\u0131nda fidelerin dizildi\u011fi sistemlerdir. Ayarlanabilir ve sabit \u00e7e\u015fitleri bulunmakla beraber \u00e7elik veya plastikle \u00fcretilmektedir. Modern fideliklerde y\u00fcksekli\u011fin ayarlanabilir olmas\u0131 sebebiyle daha \u00e7ok bu \u00e7e\u015fitleri tercih edilmektedir.Su ve \u00e7e\u015fitli&#8230; Read More edit post \u00c7elik Su Tanklar\u0131&hellip; <a class=\"more-link\" href=\"https:\/\/fado.com.tr\/en\/our-systems\/\">Continue reading <span class=\"screen-reader-text\">Our Systems<\/span><\/a><\/p>\n","protected":false},"author":1,"featured_media":0,"parent":0,"menu_order":0,"comment_status":"closed","ping_status":"closed","template":"elementor_header_footer","meta":{"om_disable_all_campaigns":false,"_monsterinsights_skip_tracking":false,"_monsterinsights_sitenote_active":false,"_monsterinsights_sitenote_note":"","_monsterinsights_sitenote_category":0,"footnotes":""},"class_list":["post-4753","page","type-page","status-publish","hentry","entry"],"aioseo_notices":[],"_links":{"self":[{"href":"https:\/\/fado.com.tr\/en\/wp-json\/wp\/v2\/pages\/4753","targetHints":{"allow":["GET"]}}],"collection":[{"href":"https:\/\/fado.com.tr\/en\/wp-json\/wp\/v2\/pages"}],"about":[{"href":"https:\/\/fado.com.tr\/en\/wp-json\/wp\/v2\/types\/page"}],"author":[{"embeddable":true,"href":"https:\/\/fado.com.tr\/en\/wp-json\/wp\/v2\/users\/1"}],"replies":[{"embeddable":true,"href":"https:\/\/fado.com.tr\/en\/wp-json\/wp\/v2\/comments?post=4753"}],"version-history":[{"count":4,"href":"https:\/\/fado.com.tr\/en\/wp-json\/wp\/v2\/pages\/4753\/revisions"}],"predecessor-version":[{"id":5187,"href":"https:\/\/fado.com.tr\/en\/wp-json\/wp\/v2\/pages\/4753\/revisions\/5187"}],"wp:attachment":[{"href":"https:\/\/fado.com.tr\/en\/wp-json\/wp\/v2\/media?parent=4753"}],"curies":[{"name":"wp","href":"https:\/\/api.w.org\/{rel}","templated":true}]}}